{"id":16,"date":"2021-09-29T14:37:20","date_gmt":"2021-09-29T14:37:20","guid":{"rendered":"https:\/\/sophie-hamelin-protheses-capillaires.com\/?page_id=16"},"modified":"2022-01-06T16:24:25","modified_gmt":"2022-01-06T16:24:25","slug":"presentation-sophie-hamelin-prothesiste-capillaire","status":"publish","type":"page","link":"https:\/\/sophie-hamelin-protheses-capillaires.com\/index.php\/presentation-sophie-hamelin-prothesiste-capillaire\/","title":{"rendered":"Pr\u00e9sentation"},"content":{"rendered":"\t\t<div data-elementor-type=\"wp-page\" data-elementor-id=\"16\" class=\"elementor elementor-16\" data-elementor-post-type=\"page\">\n\t\t\t\t\t\t<section class=\"elementor-section elementor-top-section elementor-element elementor-element-3f3e459 elementor-section-boxed elementor-section-height-default elementor-section-height-default\" data-id=\"3f3e459\" data-element_type=\"section\" data-settings=\"{&quot;background_background&quot;:&quot;classic&quot;}\">\n\t\t\t\t\t\t<div class=\"elementor-container elementor-column-gap-default\">\n\t\t\t\t\t<div class=\"elementor-column elementor-col-50 elementor-top-column elementor-element elementor-element-12d569e\" data-id=\"12d569e\" data-element_type=\"column\">\n\t\t\t<div class=\"elementor-widget-wrap elementor-element-populated\">\n\t\t\t\t\t\t<div class=\"elementor-element elementor-element-57ba5fa elementor-widget elementor-widget-heading\" data-id=\"57ba5fa\" data-element_type=\"widget\" data-widget_type=\"heading.default\">\n\t\t\t\t<div class=\"elementor-widget-container\">\n\t\t\t\t\t<h2 class=\"elementor-heading-title elementor-size-default\">Sophie Hamelin, sp\u00e9cialiste en proth\u00e8ses capillaires &amp; mammaires<\/h2>\t\t\t\t<\/div>\n\t\t\t\t<\/div>\n\t\t\t\t<div class=\"elementor-element elementor-element-ef4dcd5 elementor-widget elementor-widget-text-editor\" data-id=\"ef4dcd5\" data-element_type=\"widget\" data-widget_type=\"text-editor.default\">\n\t\t\t\t<div class=\"elementor-widget-container\">\n\t\t\t\t\t\t\t\t\t<p>Sophie Hamelin vous propose un vaste choix de mod\u00e8les de proth\u00e8ses capillaires, mammaires et soutiens\u00a0gorge. Les produits pr\u00e9sent\u00e9s ont fait l&rsquo;objet d&rsquo;une recherche rigoureuse pour vous apporter un produit de qualit\u00e9, durable et confortable, \u00e0 l&rsquo;apparence naturelle.<\/p>\t\t\t\t\t\t\t\t<\/div>\n\t\t\t\t<\/div>\n\t\t\t\t\t<\/div>\n\t\t<\/div>\n\t\t\t\t<div class=\"elementor-column elementor-col-50 elementor-top-column elementor-element elementor-element-043e085\" data-id=\"043e085\" data-element_type=\"column\">\n\t\t\t<div class=\"elementor-widget-wrap elementor-element-populated\">\n\t\t\t\t\t\t<div class=\"elementor-element elementor-element-bb36055 elementor-widget elementor-widget-image\" data-id=\"bb36055\" data-element_type=\"widget\" data-widget_type=\"image.default\">\n\t\t\t\t<div class=\"elementor-widget-container\">\n\t\t\t\t\t\t\t\t\t\t\t\t\t\t\t<img fetchpriority=\"high\" decoding=\"async\" width=\"580\" height=\"435\" src=\"https:\/\/sophie-hamelin-protheses-capillaires.com\/wp-content\/uploads\/2021\/12\/cropped-800px-sophie-hamelin-couleurs2.jpg\" class=\"attachment-large size-large wp-image-450\" alt=\"\" srcset=\"https:\/\/sophie-hamelin-protheses-capillaires.com\/wp-content\/uploads\/2021\/12\/cropped-800px-sophie-hamelin-couleurs2.jpg 740w, https:\/\/sophie-hamelin-protheses-capillaires.com\/wp-content\/uploads\/2021\/12\/cropped-800px-sophie-hamelin-couleurs2-300x225.jpg 300w\" sizes=\"(max-width: 580px) 100vw, 580px\" \/>\t\t\t\t\t\t\t\t\t\t\t\t\t\t\t<\/div>\n\t\t\t\t<\/div>\n\t\t\t\t\t<\/div>\n\t\t<\/div>\n\t\t\t\t\t<\/div>\n\t\t<\/section>\n\t\t\t\t<section class=\"elementor-section elementor-top-section elementor-element elementor-element-c9c8da6 elementor-section-height-min-height elementor-section-boxed elementor-section-height-default elementor-section-items-middle\" data-id=\"c9c8da6\" data-element_type=\"section\" data-settings=\"{&quot;background_background&quot;:&quot;classic&quot;,&quot;shape_divider_top&quot;:&quot;arrow&quot;}\">\n\t\t\t\t\t\t\t<div class=\"elementor-background-overlay\"><\/div>\n\t\t\t\t\t\t<div class=\"elementor-shape elementor-shape-top\" aria-hidden=\"true\" data-negative=\"false\">\n\t\t\t<svg xmlns=\"http:\/\/www.w3.org\/2000\/svg\" viewBox=\"0 0 700 10\" preserveAspectRatio=\"none\">\n\t<path class=\"elementor-shape-fill\" d=\"M350,10L340,0h20L350,10z\"\/>\n<\/svg>\t\t<\/div>\n\t\t\t\t\t<div class=\"elementor-container elementor-column-gap-default\">\n\t\t\t\t\t<div class=\"elementor-column elementor-col-50 elementor-top-column elementor-element elementor-element-88a692a\" data-id=\"88a692a\" data-element_type=\"column\">\n\t\t\t<div class=\"elementor-widget-wrap elementor-element-populated\">\n\t\t\t\t\t\t<div class=\"elementor-element elementor-element-7ceab7f elementor-widget elementor-widget-image\" data-id=\"7ceab7f\" data-element_type=\"widget\" data-widget_type=\"image.default\">\n\t\t\t\t<div class=\"elementor-widget-container\">\n\t\t\t\t\t\t\t\t\t\t\t\t\t\t\t<img decoding=\"async\" width=\"400\" height=\"267\" src=\"https:\/\/sophie-hamelin-protheses-capillaires.com\/wp-content\/uploads\/2021\/10\/xsophie_hamlin_essayage_domicile_prothes_capillaires.jpg\" class=\"attachment-full size-full wp-image-155\" alt=\"\" srcset=\"https:\/\/sophie-hamelin-protheses-capillaires.com\/wp-content\/uploads\/2021\/10\/xsophie_hamlin_essayage_domicile_prothes_capillaires.jpg 400w, https:\/\/sophie-hamelin-protheses-capillaires.com\/wp-content\/uploads\/2021\/10\/xsophie_hamlin_essayage_domicile_prothes_capillaires-300x200.jpg 300w\" sizes=\"(max-width: 400px) 100vw, 400px\" \/>\t\t\t\t\t\t\t\t\t\t\t\t\t\t\t<\/div>\n\t\t\t\t<\/div>\n\t\t\t\t\t<\/div>\n\t\t<\/div>\n\t\t\t\t<div class=\"elementor-column elementor-col-50 elementor-top-column elementor-element elementor-element-abc8064\" data-id=\"abc8064\" data-element_type=\"column\" data-settings=\"{&quot;background_background&quot;:&quot;classic&quot;}\">\n\t\t\t<div class=\"elementor-widget-wrap elementor-element-populated\">\n\t\t\t\t\t\t<div class=\"elementor-element elementor-element-7149162 elementor-widget elementor-widget-heading\" data-id=\"7149162\" data-element_type=\"widget\" data-widget_type=\"heading.default\">\n\t\t\t\t<div class=\"elementor-widget-container\">\n\t\t\t\t\t<h2 class=\"elementor-heading-title elementor-size-default\">En toute discr\u00e9tion, \u00e0 votre domicile<\/h2>\t\t\t\t<\/div>\n\t\t\t\t<\/div>\n\t\t\t\t<div class=\"elementor-element elementor-element-a2905a4 elementor-widget elementor-widget-text-editor\" data-id=\"a2905a4\" data-element_type=\"widget\" data-widget_type=\"text-editor.default\">\n\t\t\t\t<div class=\"elementor-widget-container\">\n\t\t\t\t\t\t\t\t\t<p>Sophie Hamelin se d\u00e9place \u00e0 votre domicile pour vous permettre un choix en toute discr\u00e9tion. Un d\u00e9placement gratuit qui vous permet d&rsquo;\u00e9viter un la fatigue du trajet, les difficult\u00e9s de stationnement, une attente prolong\u00e9.<br>C&rsquo;est donc chez vous, au calme et en toute discr\u00e9tion que vous pouvez d\u00e9couvrir, toucher, essayer les diff\u00e9rents mod\u00e8les propos\u00e9s.<\/p>\t\t\t\t\t\t\t\t<\/div>\n\t\t\t\t<\/div>\n\t\t\t\t\t<\/div>\n\t\t<\/div>\n\t\t\t\t\t<\/div>\n\t\t<\/section>\n\t\t\t\t<section class=\"elementor-section elementor-top-section elementor-element elementor-element-ec5730f elementor-section-height-min-height elementor-section-boxed elementor-section-height-default elementor-section-items-middle\" data-id=\"ec5730f\" data-element_type=\"section\" data-settings=\"{&quot;background_background&quot;:&quot;classic&quot;,&quot;shape_divider_bottom&quot;:&quot;arrow&quot;,&quot;shape_divider_bottom_negative&quot;:&quot;yes&quot;}\">\n\t\t\t\t\t\t\t<div class=\"elementor-background-overlay\"><\/div>\n\t\t\t\t\t\t<div class=\"elementor-shape elementor-shape-bottom\" aria-hidden=\"true\" data-negative=\"true\">\n\t\t\t<svg xmlns=\"http:\/\/www.w3.org\/2000\/svg\" viewBox=\"0 0 700 10\" preserveAspectRatio=\"none\">\n\t<path class=\"elementor-shape-fill\" d=\"M360 0L350 9.9 340 0 0 0 0 10 700 10 700 0\"\/>\n<\/svg>\t\t<\/div>\n\t\t\t\t\t<div class=\"elementor-container elementor-column-gap-default\">\n\t\t\t\t\t<div class=\"elementor-column elementor-col-50 elementor-top-column elementor-element elementor-element-d0100e9\" data-id=\"d0100e9\" data-element_type=\"column\" data-settings=\"{&quot;background_background&quot;:&quot;classic&quot;}\">\n\t\t\t<div class=\"elementor-widget-wrap elementor-element-populated\">\n\t\t\t\t\t\t<div class=\"elementor-element elementor-element-74e5e3f elementor-widget elementor-widget-heading\" data-id=\"74e5e3f\" data-element_type=\"widget\" data-widget_type=\"heading.default\">\n\t\t\t\t<div class=\"elementor-widget-container\">\n\t\t\t\t\t<h2 class=\"elementor-heading-title elementor-size-default\">Des accessoires adapt\u00e9s<\/h2>\t\t\t\t<\/div>\n\t\t\t\t<\/div>\n\t\t\t\t<div class=\"elementor-element elementor-element-73f23ba elementor-widget elementor-widget-text-editor\" data-id=\"73f23ba\" data-element_type=\"widget\" data-widget_type=\"text-editor.default\">\n\t\t\t\t<div class=\"elementor-widget-container\">\n\t\t\t\t\t\t\t\t\t<p>Un large choix d&rsquo;accessoires et de produits de soin sont \u00e9galement disponibles.\u00a0\u00a0<\/p><ul><li>Pour votre bien \u00eatre de jour comme de nuit : turbans, foulards, bonnets.\u00a0<\/li><li>Pour la pose et l&rsquo;entretien de votre proth\u00e8se capillaire<\/li><\/ul>\t\t\t\t\t\t\t\t<\/div>\n\t\t\t\t<\/div>\n\t\t\t\t\t<\/div>\n\t\t<\/div>\n\t\t\t\t<div class=\"elementor-column elementor-col-50 elementor-top-column elementor-element elementor-element-c285508\" data-id=\"c285508\" data-element_type=\"column\">\n\t\t\t<div class=\"elementor-widget-wrap elementor-element-populated\">\n\t\t\t\t\t\t<div class=\"elementor-element elementor-element-5e7952e elementor-widget elementor-widget-image\" data-id=\"5e7952e\" data-element_type=\"widget\" data-widget_type=\"image.default\">\n\t\t\t\t<div class=\"elementor-widget-container\">\n\t\t\t\t\t\t\t\t\t\t\t\t\t\t\t<img decoding=\"async\" width=\"400\" height=\"326\" src=\"https:\/\/sophie-hamelin-protheses-capillaires.com\/wp-content\/uploads\/2021\/10\/accessoires_protheses_capillaires.jpg\" class=\"attachment-full size-full wp-image-160\" alt=\"\" srcset=\"https:\/\/sophie-hamelin-protheses-capillaires.com\/wp-content\/uploads\/2021\/10\/accessoires_protheses_capillaires.jpg 400w, https:\/\/sophie-hamelin-protheses-capillaires.com\/wp-content\/uploads\/2021\/10\/accessoires_protheses_capillaires-300x245.jpg 300w\" sizes=\"(max-width: 400px) 100vw, 400px\" \/>\t\t\t\t\t\t\t\t\t\t\t\t\t\t\t<\/div>\n\t\t\t\t<\/div>\n\t\t\t\t\t<\/div>\n\t\t<\/div>\n\t\t\t\t\t<\/div>\n\t\t<\/section>\n\t\t\t\t<section class=\"elementor-section elementor-top-section elementor-element elementor-element-1744744 elementor-section-boxed elementor-section-height-default elementor-section-height-default\" data-id=\"1744744\" data-element_type=\"section\">\n\t\t\t\t\t\t<div class=\"elementor-container elementor-column-gap-default\">\n\t\t\t\t\t<div class=\"elementor-column elementor-col-50 elementor-top-column elementor-element elementor-element-22eb7f3\" data-id=\"22eb7f3\" data-element_type=\"column\">\n\t\t\t<div class=\"elementor-widget-wrap elementor-element-populated\">\n\t\t\t\t\t\t<div class=\"elementor-element elementor-element-ab85f6d elementor-widget elementor-widget-image\" data-id=\"ab85f6d\" data-element_type=\"widget\" data-widget_type=\"image.default\">\n\t\t\t\t<div class=\"elementor-widget-container\">\n\t\t\t\t\t\t\t\t\t\t\t\t\t\t\t<img loading=\"lazy\" decoding=\"async\" width=\"580\" height=\"387\" src=\"https:\/\/sophie-hamelin-protheses-capillaires.com\/wp-content\/uploads\/2021\/10\/carte_vitale_prise_en_charge_prothese_capillaire.jpg\" class=\"attachment-large size-large wp-image-159\" alt=\"\" srcset=\"https:\/\/sophie-hamelin-protheses-capillaires.com\/wp-content\/uploads\/2021\/10\/carte_vitale_prise_en_charge_prothese_capillaire.jpg 600w, https:\/\/sophie-hamelin-protheses-capillaires.com\/wp-content\/uploads\/2021\/10\/carte_vitale_prise_en_charge_prothese_capillaire-300x200.jpg 300w\" sizes=\"(max-width: 580px) 100vw, 580px\" \/>\t\t\t\t\t\t\t\t\t\t\t\t\t\t\t<\/div>\n\t\t\t\t<\/div>\n\t\t\t\t\t<\/div>\n\t\t<\/div>\n\t\t\t\t<div class=\"elementor-column elementor-col-50 elementor-top-column elementor-element elementor-element-5c015b9\" data-id=\"5c015b9\" data-element_type=\"column\">\n\t\t\t<div class=\"elementor-widget-wrap elementor-element-populated\">\n\t\t\t\t\t\t<div class=\"elementor-element elementor-element-5e0c962 elementor-widget elementor-widget-heading\" data-id=\"5e0c962\" data-element_type=\"widget\" data-widget_type=\"heading.default\">\n\t\t\t\t<div class=\"elementor-widget-container\">\n\t\t\t\t\t<h2 class=\"elementor-heading-title elementor-size-default\">Prise en charge de l'assurance maladie<\/h2>\t\t\t\t<\/div>\n\t\t\t\t<\/div>\n\t\t\t\t<div class=\"elementor-element elementor-element-e0d047c elementor-widget elementor-widget-text-editor\" data-id=\"e0d047c\" data-element_type=\"widget\" data-widget_type=\"text-editor.default\">\n\t\t\t\t<div class=\"elementor-widget-container\">\n\t\t\t\t\t\t\t\t\t<p>La prise en charge par la caisse d&rsquo;assurance maladie est possible.\u00a0<br \/>Votre<strong> compl\u00e9mentaire sant\u00e9<\/strong> peut \u00e9galement prendre en charge une partie des frais selon le contrat souscrit.<br \/>Sophie Hamelin vous accompagne dans la <strong>d\u00e9marche aupr\u00e8s de votre mutuelle<\/strong> pour permettre un remboursement au plus juste de vos droits et garanties souscrites.<\/p><p><strong>Pratique du Tiers Payant<\/strong> : vous n&rsquo;avancez pas la part de la caisse primaire d&rsquo;assurance maladie.<\/p>\t\t\t\t\t\t\t\t<\/div>\n\t\t\t\t<\/div>\n\t\t\t\t\t<\/div>\n\t\t<\/div>\n\t\t\t\t\t<\/div>\n\t\t<\/section>\n\t\t\t\t<\/div>\n\t\t","protected":false},"excerpt":{"rendered":"<p>Sophie Hamelin, sp\u00e9cialiste en proth\u00e8ses capillaires &amp; mammaires Sophie Hamelin vous propose un vaste choix de mod\u00e8les de proth\u00e8ses capillaires, mammaires et soutiens\u00a0gorge. Les produits pr\u00e9sent\u00e9s ont fait l&rsquo;objet d&rsquo;une recherche rigoureuse pour vous apporter un produit de qualit\u00e9, durable et confortable, \u00e0 l&rsquo;apparence naturelle. En toute discr\u00e9tion, \u00e0 votre domicile Sophie Hamelin se d\u00e9place [&hellip;]<\/p>\n","protected":false},"author":1,"featured_media":12,"parent":0,"menu_order":0,"comment_status":"closed","ping_status":"closed","template":"elementor_header_footer","meta":{"footnotes":""},"class_list":["post-16","page","type-page","status-publish","has-post-thumbnail","hentry"],"_links":{"self":[{"href":"https:\/\/sophie-hamelin-protheses-capillaires.com\/index.php\/wp-json\/wp\/v2\/pages\/16","targetHints":{"allow":["GET"]}}],"collection":[{"href":"https:\/\/sophie-hamelin-protheses-capillaires.com\/index.php\/wp-json\/wp\/v2\/pages"}],"about":[{"href":"https:\/\/sophie-hamelin-protheses-capillaires.com\/index.php\/wp-json\/wp\/v2\/types\/page"}],"author":[{"embeddable":true,"href":"https:\/\/sophie-hamelin-protheses-capillaires.com\/index.php\/wp-json\/wp\/v2\/users\/1"}],"replies":[{"embeddable":true,"href":"https:\/\/sophie-hamelin-protheses-capillaires.com\/index.php\/wp-json\/wp\/v2\/comments?post=16"}],"version-history":[{"count":28,"href":"https:\/\/sophie-hamelin-protheses-capillaires.com\/index.php\/wp-json\/wp\/v2\/pages\/16\/revisions"}],"predecessor-version":[{"id":631,"href":"https:\/\/sophie-hamelin-protheses-capillaires.com\/index.php\/wp-json\/wp\/v2\/pages\/16\/revisions\/631"}],"wp:featuredmedia":[{"embeddable":true,"href":"https:\/\/sophie-hamelin-protheses-capillaires.com\/index.php\/wp-json\/wp\/v2\/media\/12"}],"wp:attachment":[{"href":"https:\/\/sophie-hamelin-protheses-capillaires.com\/index.php\/wp-json\/wp\/v2\/media?parent=16"}],"curies":[{"name":"wp","href":"https:\/\/api.w.org\/{rel}","templated":true}]}}